{"id":18,"date":"2025-03-15T23:31:40","date_gmt":"2025-03-15T23:31:40","guid":{"rendered":"https:\/\/reyjavikcannabis.com\/?page_id=18"},"modified":"2025-03-15T23:31:40","modified_gmt":"2025-03-15T23:31:40","slug":"signal-public-group","status":"publish","type":"page","link":"https:\/\/reyjavikcannabis.com\/index.php\/signal-public-group\/","title":{"rendered":"Signal Public Group"},"content":{"rendered":"<p>09-30-2024<\/p>\n<p>Dear clients, friends, due to the arrest of Pavel Durov, and his collaboration with international justice, it is now possible to publish, advertise or apologize for any type of substance, etc. etc., because of that, we are leaving TELEGRAM, and we are switching to SIGNAL, where privacy is respected, therefore, and for that reason, we are creating a public CHAT-type channel, (We never give private ones openly), where you can join, we ONLY ACCEPT previously verified old clients into private groups for obvious security reasons.<\/p>\n<p>Signal LINK for Hachisbueno.com, CMM, and all websites.<\/p>\n<p><a href=\"https:\/\/signal.group\/#CjQKILIV4L1bds5vV5amwW37jnvl47fRzw0c12Yhyl7BTjMvEhBvSq5f7wzKmZZ_K_WunAhs\">https:\/\/signal.group\/#CjQKILIV4L1bds5vV5amwW37jnvl47fRzw0c12Yhyl7BTjMvEhBvSq5f7wzKmZZ_K_WunAhs<\/a><\/p>\n","protected":false},"excerpt":{"rendered":"<p>09-30-2024 Dear clients, friends, due to the arrest of Pavel Durov, and his collaboration with international justice, it is now possible to publish, advertise or apologize for any type of substance, etc. etc., because of that, we are leaving TELEGRAM, and we are switching to SIGNAL, where privacy is respected, therefore, and for that reason, [&hellip;]<\/p>\n","protected":false},"author":1,"featured_media":0,"parent":0,"menu_order":0,"comment_status":"closed","ping_status":"closed","template":"","meta":{"footnotes":""},"class_list":["post-18","page","type-page","status-publish","hentry"],"yoast_head":"<!-- This site is optimized with the Yoast SEO plugin v27.4 - https:\/\/yoast.com\/product\/yoast-seo-wordpress\/ -->\n<title>Signal Public Group - Kauptu t&ouml;frandi bl&oacute;m &aacute; &Iacute;slandi - Nafnlausar grei&eth;slur - Bitcoin - 100% alvarleg og hei&eth;arleg &thorn;j&oacute;nusta - 420 Iceland Reyjavik Cannabis Shop - Whatsapp Telegram +34664537342 SIGNAL @cmmleomadrid.65 &ndash; Leo (English support) - panterarosa1772@gmail.com - Threema: JHXT6HHA<\/title>\n<meta name=\"robots\" content=\"index, follow, max-snippet:-1, max-image-preview:large, max-video-preview:-1\" \/>\n<link rel=\"canonical\" href=\"https:\/\/reyjavikcannabis.com\/index.php\/signal-public-group\/\" \/>\n<meta property=\"og:locale\" content=\"en_GB\" \/>\n<meta property=\"og:type\" content=\"article\" \/>\n<meta property=\"og:title\" content=\"Signal Public Group - Kauptu t&ouml;frandi bl&oacute;m &aacute; &Iacute;slandi - Nafnlausar grei&eth;slur - Bitcoin - 100% alvarleg og hei&eth;arleg &thorn;j&oacute;nusta - 420 Iceland Reyjavik Cannabis Shop - Whatsapp Telegram +34664537342 SIGNAL @cmmleomadrid.65 &ndash; Leo (English support) - panterarosa1772@gmail.com - Threema: JHXT6HHA\" \/>\n<meta property=\"og:description\" content=\"09-30-2024 Dear clients, friends, due to the arrest of Pavel Durov, and his collaboration with international justice, it is now possible to publish, advertise or apologize for any type of substance, etc. etc., because of that, we are leaving TELEGRAM, and we are switching to SIGNAL, where privacy is respected, therefore, and for that reason, [&hellip;]\" \/>\n<meta property=\"og:url\" content=\"https:\/\/reyjavikcannabis.com\/index.php\/signal-public-group\/\" \/>\n<meta property=\"og:site_name\" content=\"Kauptu t&ouml;frandi bl&oacute;m &aacute; &Iacute;slandi - Nafnlausar grei&eth;slur - Bitcoin - 100% alvarleg og hei&eth;arleg &thorn;j&oacute;nusta - 420 Iceland Reyjavik Cannabis Shop - Whatsapp Telegram +34664537342 SIGNAL @cmmleomadrid.65 &ndash; Leo (English support) - panterarosa1772@gmail.com - Threema: JHXT6HHA\" \/>\n<meta name=\"twitter:card\" content=\"summary_large_image\" \/>\n<meta name=\"twitter:label1\" content=\"Estimated reading time\" \/>\n\t<meta name=\"twitter:data1\" content=\"1 minute\" \/>\n<script type=\"application\/ld+json\" class=\"yoast-schema-graph\">{\"@context\":\"https:\\\/\\\/schema.org\",\"@graph\":[{\"@type\":\"WebPage\",\"@id\":\"https:\\\/\\\/reyjavikcannabis.com\\\/index.php\\\/signal-public-group\\\/\",\"url\":\"https:\\\/\\\/reyjavikcannabis.com\\\/index.php\\\/signal-public-group\\\/\",\"name\":\"Signal Public Group - Kauptu t&ouml;frandi bl&oacute;m &aacute; &Iacute;slandi - Nafnlausar grei&eth;slur - Bitcoin - 100% alvarleg og hei&eth;arleg &thorn;j&oacute;nusta - 420 Iceland Reyjavik Cannabis Shop - Whatsapp Telegram +34664537342 SIGNAL @cmmleomadrid.65 &ndash; Leo (English support) - panterarosa1772@gmail.com - Threema: JHXT6HHA\",\"isPartOf\":{\"@id\":\"https:\\\/\\\/reyjavikcannabis.com\\\/#website\"},\"datePublished\":\"2025-03-15T23:31:40+00:00\",\"breadcrumb\":{\"@id\":\"https:\\\/\\\/reyjavikcannabis.com\\\/index.php\\\/signal-public-group\\\/#breadcrumb\"},\"inLanguage\":\"en-GB\",\"potentialAction\":[{\"@type\":\"ReadAction\",\"target\":[\"https:\\\/\\\/reyjavikcannabis.com\\\/index.php\\\/signal-public-group\\\/\"]}]},{\"@type\":\"BreadcrumbList\",\"@id\":\"https:\\\/\\\/reyjavikcannabis.com\\\/index.php\\\/signal-public-group\\\/#breadcrumb\",\"itemListElement\":[{\"@type\":\"ListItem\",\"position\":1,\"name\":\"Home\",\"item\":\"https:\\\/\\\/reyjavikcannabis.com\\\/\"},{\"@type\":\"ListItem\",\"position\":2,\"name\":\"Signal Public Group\"}]},{\"@type\":\"WebSite\",\"@id\":\"https:\\\/\\\/reyjavikcannabis.com\\\/#website\",\"url\":\"https:\\\/\\\/reyjavikcannabis.com\\\/\",\"name\":\"Kauptu t\u00f6frandi bl\u00f3m \u00e1 \u00cdslandi - Nafnlausar grei\u00f0slur - Bitcoin - 100% alvarleg og hei\u00f0arleg \u00fej\u00f3nusta - 420 Iceland Reyjavik Cannabis Shop - Whatsapp Telegram +34664537342 SIGNAL @cmmleomadrid.65 \u2013 Leo (English support) - panterarosa1772@gmail.com - Threema: JHXT6HHA\",\"description\":\"Islandia, \u00cdsland, Reykjav\u00edk, Gullfoss, Geysir, J\u00f6kuls\u00e1rl\u00f3n, Blue Lagoon, Vatnaj\u00f6kull, Hallgr\u00edmskirkja, Perlan, Thingvellir, Sk\u00f3gafoss, Seljalandsfoss, Hekla, Sn\u00e6fellsj\u00f6kull, Akureyri, M\u00fdvatn, Fja\u00f0r\u00e1rglj\u00fafur, Reynisfjara, Vik, Gullfoss waterfall, Blue Lagoon Iceland, Iceland volcanoes, Iceland glaciers, Iceland waterfalls, Icelandic nature, Icelandic tourism, Icelandic food, Icelandic lamb, Icelandic fish, Icelandic cuisine, Icelandic hot dogs, Icelandic pancakes, Icelandic rye bread, Icelandic yogurt, Skyr, H\u00e1karl, Reykjavik food, Reykjavik restaurants, Reykjavik nightlife, Reykjavik attractions, Reykjavik tours, Reykjavik hotels, Reykjavik shopping, Reykjavik art scene, Reykjavik museums, Reykjavik history, Reykjavik landmarks, Reykjavik sightseeing, Reykjavik activities, Reykjavik bars, Reykjavik cafes, Reykjavik restaurants, Reykjavik street food, Reykjavik vegan restaurants, Icelandic hot springs, Icelandic spas, Reykjavik geothermal pools, Reykjavik fitness centers, Reykjavik hiking, Reykjavik bike tours, Reykjavik adventure tours, Reykjavik cultural tours, Icelandic culture, Icelandic festivals, Icelandic music, Icelandic artists, Reykjavik music scene, Icelandic sagas, Icelandic heritage, Icelandic myths, Icelandic art, Icelandic history, Icelandic folklore, Icelandic literature, Icelandic fashion, Reykjavik fashion, Icelandic wool, Icelandic knitwear, Icelandic wool sweaters, Icelandic souvenirs, Icelandic jewelry, Icelandic antiques, Icelandic design, Icelandic outdoor gear, Icelandic hiking routes, Icelandic beaches, Icelandic fjords, Icelandic mountains, Icelandic hiking trails, Icelandic wildlife, Icelandic birds, Icelandic animals, Icelandic lakes, Icelandic rivers, Reykjavik shopping districts, Reykjavik luxury shopping, Reykjavik markets, Reykjavik boutique shops, Reykjavik farmers markets, \",\"publisher\":{\"@id\":\"https:\\\/\\\/reyjavikcannabis.com\\\/#organization\"},\"potentialAction\":[{\"@type\":\"SearchAction\",\"target\":{\"@type\":\"EntryPoint\",\"urlTemplate\":\"https:\\\/\\\/reyjavikcannabis.com\\\/?s={search_term_string}\"},\"query-input\":{\"@type\":\"PropertyValueSpecification\",\"valueRequired\":true,\"valueName\":\"search_term_string\"}}],\"inLanguage\":\"en-GB\"},{\"@type\":\"Organization\",\"@id\":\"https:\\\/\\\/reyjavikcannabis.com\\\/#organization\",\"name\":\"Kauptu t\u00f6frandi bl\u00f3m \u00e1 \u00cdslandi - Nafnlausar grei\u00f0slur - Bitcoin - 100% alvarleg og hei\u00f0arleg \u00fej\u00f3nusta - 420 Iceland Reyjavik Cannabis Shop - Whatsapp Telegram +34664537342 SIGNAL @cmmleomadrid.65 \u2013 Leo (English support) - panterarosa1772@gmail.com - Threema: JHXT6HHA\",\"url\":\"https:\\\/\\\/reyjavikcannabis.com\\\/\",\"logo\":{\"@type\":\"ImageObject\",\"inLanguage\":\"en-GB\",\"@id\":\"https:\\\/\\\/reyjavikcannabis.com\\\/#\\\/schema\\\/logo\\\/image\\\/\",\"url\":\"https:\\\/\\\/reyjavikcannabis.com\\\/wp-content\\\/uploads\\\/2025\\\/03\\\/cropped-rek1.jpg\",\"contentUrl\":\"https:\\\/\\\/reyjavikcannabis.com\\\/wp-content\\\/uploads\\\/2025\\\/03\\\/cropped-rek1.jpg\",\"width\":512,\"height\":512,\"caption\":\"Kauptu t\u00f6frandi bl\u00f3m \u00e1 \u00cdslandi - Nafnlausar grei\u00f0slur - Bitcoin - 100% alvarleg og hei\u00f0arleg \u00fej\u00f3nusta - 420 Iceland Reyjavik Cannabis Shop - Whatsapp Telegram +34664537342 SIGNAL @cmmleomadrid.65 \u2013 Leo (English support) - panterarosa1772@gmail.com - Threema: JHXT6HHA\"},\"image\":{\"@id\":\"https:\\\/\\\/reyjavikcannabis.com\\\/#\\\/schema\\\/logo\\\/image\\\/\"}}]}<\/script>\n<!-- \/ Yoast SEO plugin. -->","yoast_head_json":{"title":"Signal Public Group - Kauptu t&ouml;frandi bl&oacute;m &aacute; &Iacute;slandi - Nafnlausar grei&eth;slur - Bitcoin - 100% alvarleg og hei&eth;arleg &thorn;j&oacute;nusta - 420 Iceland Reyjavik Cannabis Shop - Whatsapp Telegram +34664537342 SIGNAL @cmmleomadrid.65 &ndash; Leo (English support) - panterarosa1772@gmail.com - Threema: JHXT6HHA","robots":{"index":"index","follow":"follow","max-snippet":"max-snippet:-1","max-image-preview":"max-image-preview:large","max-video-preview":"max-video-preview:-1"},"canonical":"https:\/\/reyjavikcannabis.com\/index.php\/signal-public-group\/","og_locale":"en_GB","og_type":"article","og_title":"Signal Public Group - Kauptu t&ouml;frandi bl&oacute;m &aacute; &Iacute;slandi - Nafnlausar grei&eth;slur - Bitcoin - 100% alvarleg og hei&eth;arleg &thorn;j&oacute;nusta - 420 Iceland Reyjavik Cannabis Shop - Whatsapp Telegram +34664537342 SIGNAL @cmmleomadrid.65 &ndash; Leo (English support) - panterarosa1772@gmail.com - Threema: JHXT6HHA","og_description":"09-30-2024 Dear clients, friends, due to the arrest of Pavel Durov, and his collaboration with international justice, it is now possible to publish, advertise or apologize for any type of substance, etc. etc., because of that, we are leaving TELEGRAM, and we are switching to SIGNAL, where privacy is respected, therefore, and for that reason, [&hellip;]","og_url":"https:\/\/reyjavikcannabis.com\/index.php\/signal-public-group\/","og_site_name":"Kauptu t&ouml;frandi bl&oacute;m &aacute; &Iacute;slandi - Nafnlausar grei&eth;slur - Bitcoin - 100% alvarleg og hei&eth;arleg &thorn;j&oacute;nusta - 420 Iceland Reyjavik Cannabis Shop - Whatsapp Telegram +34664537342 SIGNAL @cmmleomadrid.65 &ndash; Leo (English support) - panterarosa1772@gmail.com - Threema: JHXT6HHA","twitter_card":"summary_large_image","twitter_misc":{"Estimated reading time":"1 minute"},"schema":{"@context":"https:\/\/schema.org","@graph":[{"@type":"WebPage","@id":"https:\/\/reyjavikcannabis.com\/index.php\/signal-public-group\/","url":"https:\/\/reyjavikcannabis.com\/index.php\/signal-public-group\/","name":"Signal Public Group - Kauptu t&ouml;frandi bl&oacute;m &aacute; &Iacute;slandi - Nafnlausar grei&eth;slur - Bitcoin - 100% alvarleg og hei&eth;arleg &thorn;j&oacute;nusta - 420 Iceland Reyjavik Cannabis Shop - Whatsapp Telegram +34664537342 SIGNAL @cmmleomadrid.65 &ndash; Leo (English support) - panterarosa1772@gmail.com - Threema: JHXT6HHA","isPartOf":{"@id":"https:\/\/reyjavikcannabis.com\/#website"},"datePublished":"2025-03-15T23:31:40+00:00","breadcrumb":{"@id":"https:\/\/reyjavikcannabis.com\/index.php\/signal-public-group\/#breadcrumb"},"inLanguage":"en-GB","potentialAction":[{"@type":"ReadAction","target":["https:\/\/reyjavikcannabis.com\/index.php\/signal-public-group\/"]}]},{"@type":"BreadcrumbList","@id":"https:\/\/reyjavikcannabis.com\/index.php\/signal-public-group\/#breadcrumb","itemListElement":[{"@type":"ListItem","position":1,"name":"Home","item":"https:\/\/reyjavikcannabis.com\/"},{"@type":"ListItem","position":2,"name":"Signal Public Group"}]},{"@type":"WebSite","@id":"https:\/\/reyjavikcannabis.com\/#website","url":"https:\/\/reyjavikcannabis.com\/","name":"Kauptu t\u00f6frandi bl\u00f3m \u00e1 \u00cdslandi - Nafnlausar grei\u00f0slur - Bitcoin - 100% alvarleg og hei\u00f0arleg \u00fej\u00f3nusta - 420 Iceland Reyjavik Cannabis Shop - Whatsapp Telegram +34664537342 SIGNAL @cmmleomadrid.65 \u2013 Leo (English support) - panterarosa1772@gmail.com - Threema: JHXT6HHA","description":"Islandia, \u00cdsland, Reykjav\u00edk, Gullfoss, Geysir, J\u00f6kuls\u00e1rl\u00f3n, Blue Lagoon, Vatnaj\u00f6kull, Hallgr\u00edmskirkja, Perlan, Thingvellir, Sk\u00f3gafoss, Seljalandsfoss, Hekla, Sn\u00e6fellsj\u00f6kull, Akureyri, M\u00fdvatn, Fja\u00f0r\u00e1rglj\u00fafur, Reynisfjara, Vik, Gullfoss waterfall, Blue Lagoon Iceland, Iceland volcanoes, Iceland glaciers, Iceland waterfalls, Icelandic nature, Icelandic tourism, Icelandic food, Icelandic lamb, Icelandic fish, Icelandic cuisine, Icelandic hot dogs, Icelandic pancakes, Icelandic rye bread, Icelandic yogurt, Skyr, H\u00e1karl, Reykjavik food, Reykjavik restaurants, Reykjavik nightlife, Reykjavik attractions, Reykjavik tours, Reykjavik hotels, Reykjavik shopping, Reykjavik art scene, Reykjavik museums, Reykjavik history, Reykjavik landmarks, Reykjavik sightseeing, Reykjavik activities, Reykjavik bars, Reykjavik cafes, Reykjavik restaurants, Reykjavik street food, Reykjavik vegan restaurants, Icelandic hot springs, Icelandic spas, Reykjavik geothermal pools, Reykjavik fitness centers, Reykjavik hiking, Reykjavik bike tours, Reykjavik adventure tours, Reykjavik cultural tours, Icelandic culture, Icelandic festivals, Icelandic music, Icelandic artists, Reykjavik music scene, Icelandic sagas, Icelandic heritage, Icelandic myths, Icelandic art, Icelandic history, Icelandic folklore, Icelandic literature, Icelandic fashion, Reykjavik fashion, Icelandic wool, Icelandic knitwear, Icelandic wool sweaters, Icelandic souvenirs, Icelandic jewelry, Icelandic antiques, Icelandic design, Icelandic outdoor gear, Icelandic hiking routes, Icelandic beaches, Icelandic fjords, Icelandic mountains, Icelandic hiking trails, Icelandic wildlife, Icelandic birds, Icelandic animals, Icelandic lakes, Icelandic rivers, Reykjavik shopping districts, Reykjavik luxury shopping, Reykjavik markets, Reykjavik boutique shops, Reykjavik farmers markets, ","publisher":{"@id":"https:\/\/reyjavikcannabis.com\/#organization"},"potentialAction":[{"@type":"SearchAction","target":{"@type":"EntryPoint","urlTemplate":"https:\/\/reyjavikcannabis.com\/?s={search_term_string}"},"query-input":{"@type":"PropertyValueSpecification","valueRequired":true,"valueName":"search_term_string"}}],"inLanguage":"en-GB"},{"@type":"Organization","@id":"https:\/\/reyjavikcannabis.com\/#organization","name":"Kauptu t\u00f6frandi bl\u00f3m \u00e1 \u00cdslandi - Nafnlausar grei\u00f0slur - Bitcoin - 100% alvarleg og hei\u00f0arleg \u00fej\u00f3nusta - 420 Iceland Reyjavik Cannabis Shop - Whatsapp Telegram +34664537342 SIGNAL @cmmleomadrid.65 \u2013 Leo (English support) - panterarosa1772@gmail.com - Threema: JHXT6HHA","url":"https:\/\/reyjavikcannabis.com\/","logo":{"@type":"ImageObject","inLanguage":"en-GB","@id":"https:\/\/reyjavikcannabis.com\/#\/schema\/logo\/image\/","url":"https:\/\/reyjavikcannabis.com\/wp-content\/uploads\/2025\/03\/cropped-rek1.jpg","contentUrl":"https:\/\/reyjavikcannabis.com\/wp-content\/uploads\/2025\/03\/cropped-rek1.jpg","width":512,"height":512,"caption":"Kauptu t\u00f6frandi bl\u00f3m \u00e1 \u00cdslandi - Nafnlausar grei\u00f0slur - Bitcoin - 100% alvarleg og hei\u00f0arleg \u00fej\u00f3nusta - 420 Iceland Reyjavik Cannabis Shop - Whatsapp Telegram +34664537342 SIGNAL @cmmleomadrid.65 \u2013 Leo (English support) - panterarosa1772@gmail.com - Threema: JHXT6HHA"},"image":{"@id":"https:\/\/reyjavikcannabis.com\/#\/schema\/logo\/image\/"}}]}},"_links":{"self":[{"href":"https:\/\/reyjavikcannabis.com\/index.php\/wp-json\/wp\/v2\/pages\/18","targetHints":{"allow":["GET"]}}],"collection":[{"href":"https:\/\/reyjavikcannabis.com\/index.php\/wp-json\/wp\/v2\/pages"}],"about":[{"href":"https:\/\/reyjavikcannabis.com\/index.php\/wp-json\/wp\/v2\/types\/page"}],"author":[{"embeddable":true,"href":"https:\/\/reyjavikcannabis.com\/index.php\/wp-json\/wp\/v2\/users\/1"}],"replies":[{"embeddable":true,"href":"https:\/\/reyjavikcannabis.com\/index.php\/wp-json\/wp\/v2\/comments?post=18"}],"version-history":[{"count":0,"href":"https:\/\/reyjavikcannabis.com\/index.php\/wp-json\/wp\/v2\/pages\/18\/revisions"}],"wp:attachment":[{"href":"https:\/\/reyjavikcannabis.com\/index.php\/wp-json\/wp\/v2\/media?parent=18"}],"curies":[{"name":"wp","href":"https:\/\/api.w.org\/{rel}","templated":true}]}}