{"id":26,"date":"2025-03-15T23:34:47","date_gmt":"2025-03-15T23:34:47","guid":{"rendered":"https:\/\/reyjavikcannabis.com\/?page_id=26"},"modified":"2025-03-15T23:34:47","modified_gmt":"2025-03-15T23:34:47","slug":"our-websites","status":"publish","type":"page","link":"https:\/\/reyjavikcannabis.com\/index.php\/our-websites\/","title":{"rendered":"Our websites"},"content":{"rendered":"<h3 class=\"widget-title\">Webs CMM<\/h3>\n<div class=\"textwidget\">\n<p><a href=\"http:\/\/italiamaria.com\/\" target=\"_blank\" rel=\"follow noopener\">italiamaria.com<\/a>\u00a0\u2013\u00a0<a href=\"http:\/\/italiamaria.com\/\">Acquista marijuana e hashish in Italia<\/a>, Spedizione veloce dalla Spagna Marijuana, Hash e Dry<\/p>\n<p><a href=\"http:\/\/finlandgreen.fi\/\" target=\"_blank\" rel=\"follow noopener\">finlandgreen.fi<\/a>\u00a0\u2013\u00a0<a href=\"http:\/\/finlandgreen.fi\/\">Osta mariuana Online Suomessa<\/a>, Hach\u2019su Cannabis Store, ja paljon muuta<\/p>\n<p><a href=\"http:\/\/euskadimaria.com\/\" target=\"_blank\" rel=\"follow noopener\">euskadimaria.com<\/a>\u00a0\u2013\u00a0<a href=\"http:\/\/euskadimaria.com\/\">Erosi marihuana Euskadin<\/a>, Bidalketa azkarra Madriletik, Marihuana online denda<\/p>\n<p><a href=\"http:\/\/dhlweed.com\/\" target=\"_blank\" rel=\"follow noopener\">dhlweed.com<\/a>\u00a0\u2013\u00a0<a href=\"http:\/\/dhlweed.com\/\">Best Marijuana Cannabis Worldwide<\/a>\u00a0Deliverys Fast Shipment and quality Europe America Africa Asia Russia Greenland South America<\/p>\n<p><a href=\"https:\/\/comprarmarihuanamadrid.es\/\" target=\"_blank\" rel=\"follow noopener\">comprarmarihuanamadrid.es<\/a>\u00a0\u2013 Comprar Marihuana en Madrid, Env\u00edos a todo el Mundo,\u00a0<a href=\"https:\/\/comprarmarihuanamadrid.es\/\">Tienda de Marihuana Online<\/a><\/p>\n<p><a href=\"http:\/\/chocofeliz.com\/\" target=\"_blank\" rel=\"follow noopener\">chocofeliz.com<\/a>\u00a0\u2013\u00a0<a href=\"http:\/\/chocofeliz.com\/\">Pasteler\u00eda Cannabica en Madrid<\/a>, Pasteles y Brownies de Marihuana<\/p>\n<p><a href=\"http:\/\/cannabisfrance.net\/\" target=\"_blank\" rel=\"follow noopener\">cannabisfrance.net<\/a>\u00a0\u2013<a href=\"http:\/\/cannabisfrance.net\/\">\u00a0acheter de la marijuana en france<\/a>, exp\u00e9ditions rapides depuis l\u2019Espagne, cannabis, haschich et bien plus<\/p>\n<p><a href=\"http:\/\/canariasweed.com\/\" target=\"_blank\" rel=\"follow noopener\">canariasweed.com<\/a>\u00a0\u2013\u00a0<a href=\"http:\/\/canariasweed.com\/\">Comprar marihuana Canarias<\/a>, la mejor marihuana de Las Palmas De Gran Canaria, Comprar cannabis, hach\u00eds y mucho m\u00e1s<\/p>\n<p><a href=\"http:\/\/mariadelcampo.net\/\" target=\"_blank\" rel=\"follow noopener\">mariadelcampo.net<\/a>\u00a0\u2013\u00a0<a href=\"http:\/\/mariadelcampo.net\/\">Comprar marihuana<\/a>, Venta de marihuana de exterior e interior, Weed Madrid y Productos Naturales, Entrega en Mano en Madrid<\/p>\n<p><a href=\"http:\/\/portugalweed.com\/\" target=\"_blank\" rel=\"follow noopener\">portugalweed.com<\/a>\u00a0\u2013\u00a0<a href=\"http:\/\/portugalweed.com\/\">Compre maconha Portugal<\/a>, compre maconha Lisboa, compre maconha<\/p>\n<p><a href=\"http:\/\/suomiweed.com\/\" target=\"_blank\" rel=\"follow noopener\">suomiweed.com<\/a>\u00a0\u2013\u00a0<a href=\"http:\/\/suomiweed.com\/\">Osta marihuana Suomi<\/a>, osta marihuana, osta kannabista<\/p>\n<p><a href=\"http:\/\/taimajapan.com\/\" target=\"_blank\" rel=\"follow noopener\">taimajapan.com<\/a>\u00a0\u2013 \u30de\u30ea\u30d5\u30a1\u30ca\u65e5\u672c\u3092\u8cfc\u5165\u3059\u308b-\u65e5\u672c\u4e2d\u306e\u30de\u30ea\u30d5\u30a1\u30ca\u307e\u305f\u306f\u30cf\u30b7\u30b7\u3092\u8cfc\u5165\u3059\u308b-\u30b9\u30da\u30a4\u30f3\u304b\u3089\u306e\u8239\u00a0<a href=\"http:\/\/taimajapan.com\/\">Marifana Nihon o k\u014dny\u016b suru<\/a>,Nihon Ch\u016b no marifana matawa hashishi o k\u014dny\u016b suru, Supein kara no fune<\/p>\n<p><a href=\"http:\/\/freshoregon.com\/\" target=\"_blank\" rel=\"follow noopener\">freshoregon.com<\/a>\u00a0\u2013\u00a0<a href=\"http:\/\/freshoregon.com\/\">Buy marijuana Oregon<\/a>, Buy cannabis Oregon<\/p>\n<p><a href=\"https:\/\/getafeverde.com\/\" target=\"_blank\" rel=\"follow noopener\">getafeverde.com<\/a>\u00a0<a href=\"http:\/\/getafeverde.com\/\">Comprar Marihuana en Getafe<\/a>, Comprar hach\u00eds, marihuana en Getafe<\/p>\n<p><a href=\"https:\/\/vigoweed.com\/\" target=\"_blank\" rel=\"follow noopener\">vigoweed.com<\/a>\u00a0\u2013\u00a0<a href=\"http:\/\/vigoweed.com\/\">compra marihuana en li\u00f1a<\/a>, env\u00edos r\u00e1pidos desde Madrid, compra haxix, cannabis e moito m\u00e1is<\/p>\n<p><a href=\"https:\/\/berlinweed.net\/\">berlinweed.net<\/a>\u00a0\u2013\u00a0<a href=\"https:\/\/berlinweed.net\/\">Kaufen Marihuana online<\/a>, kaufen Sie Marihuana in Berlin, kaufen Sie Haschisch Berlin<\/p>\n<\/div>\n","protected":false},"excerpt":{"rendered":"<p>Webs CMM italiamaria.com\u00a0\u2013\u00a0Acquista marijuana e hashish in Italia, Spedizione veloce dalla Spagna Marijuana, Hash e Dry finlandgreen.fi\u00a0\u2013\u00a0Osta mariuana Online Suomessa, Hach\u2019su Cannabis Store, ja paljon muuta euskadimaria.com\u00a0\u2013\u00a0Erosi marihuana Euskadin, Bidalketa azkarra Madriletik, Marihuana online denda dhlweed.com\u00a0\u2013\u00a0Best Marijuana Cannabis Worldwide\u00a0Deliverys Fast Shipment and quality Europe America Africa Asia Russia Greenland South America comprarmarihuanamadrid.es\u00a0\u2013 Comprar Marihuana en [&hellip;]<\/p>\n","protected":false},"author":1,"featured_media":0,"parent":0,"menu_order":0,"comment_status":"closed","ping_status":"closed","template":"","meta":{"footnotes":""},"class_list":["post-26","page","type-page","status-publish","hentry"],"yoast_head":"<!-- This site is optimized with the Yoast SEO plugin v27.4 - https:\/\/yoast.com\/product\/yoast-seo-wordpress\/ -->\n<title>Our websites - Kauptu t&ouml;frandi bl&oacute;m &aacute; &Iacute;slandi - Nafnlausar grei&eth;slur - Bitcoin - 100% alvarleg og hei&eth;arleg &thorn;j&oacute;nusta - 420 Iceland Reyjavik Cannabis Shop - Whatsapp Telegram +34664537342 SIGNAL @cmmleomadrid.65 &ndash; Leo (English support) - panterarosa1772@gmail.com - Threema: JHXT6HHA<\/title>\n<meta name=\"robots\" content=\"index, follow, max-snippet:-1, max-image-preview:large, max-video-preview:-1\" \/>\n<link rel=\"canonical\" href=\"https:\/\/reyjavikcannabis.com\/index.php\/our-websites\/\" \/>\n<meta property=\"og:locale\" content=\"en_GB\" \/>\n<meta property=\"og:type\" content=\"article\" \/>\n<meta property=\"og:title\" content=\"Our websites - Kauptu t&ouml;frandi bl&oacute;m &aacute; &Iacute;slandi - Nafnlausar grei&eth;slur - Bitcoin - 100% alvarleg og hei&eth;arleg &thorn;j&oacute;nusta - 420 Iceland Reyjavik Cannabis Shop - Whatsapp Telegram +34664537342 SIGNAL @cmmleomadrid.65 &ndash; Leo (English support) - panterarosa1772@gmail.com - Threema: JHXT6HHA\" \/>\n<meta property=\"og:description\" content=\"Webs CMM italiamaria.com\u00a0\u2013\u00a0Acquista marijuana e hashish in Italia, Spedizione veloce dalla Spagna Marijuana, Hash e Dry finlandgreen.fi\u00a0\u2013\u00a0Osta mariuana Online Suomessa, Hach\u2019su Cannabis Store, ja paljon muuta euskadimaria.com\u00a0\u2013\u00a0Erosi marihuana Euskadin, Bidalketa azkarra Madriletik, Marihuana online denda dhlweed.com\u00a0\u2013\u00a0Best Marijuana Cannabis Worldwide\u00a0Deliverys Fast Shipment and quality Europe America Africa Asia Russia Greenland South America comprarmarihuanamadrid.es\u00a0\u2013 Comprar Marihuana en [&hellip;]\" \/>\n<meta property=\"og:url\" content=\"https:\/\/reyjavikcannabis.com\/index.php\/our-websites\/\" \/>\n<meta property=\"og:site_name\" content=\"Kauptu t&ouml;frandi bl&oacute;m &aacute; &Iacute;slandi - Nafnlausar grei&eth;slur - Bitcoin - 100% alvarleg og hei&eth;arleg &thorn;j&oacute;nusta - 420 Iceland Reyjavik Cannabis Shop - Whatsapp Telegram +34664537342 SIGNAL @cmmleomadrid.65 &ndash; Leo (English support) - panterarosa1772@gmail.com - Threema: JHXT6HHA\" \/>\n<meta name=\"twitter:card\" content=\"summary_large_image\" \/>\n<meta name=\"twitter:label1\" content=\"Estimated reading time\" \/>\n\t<meta name=\"twitter:data1\" content=\"1 minute\" \/>\n<script type=\"application\/ld+json\" class=\"yoast-schema-graph\">{\"@context\":\"https:\\\/\\\/schema.org\",\"@graph\":[{\"@type\":\"WebPage\",\"@id\":\"https:\\\/\\\/reyjavikcannabis.com\\\/index.php\\\/our-websites\\\/\",\"url\":\"https:\\\/\\\/reyjavikcannabis.com\\\/index.php\\\/our-websites\\\/\",\"name\":\"Our websites - Kauptu t&ouml;frandi bl&oacute;m &aacute; &Iacute;slandi - Nafnlausar grei&eth;slur - Bitcoin - 100% alvarleg og hei&eth;arleg &thorn;j&oacute;nusta - 420 Iceland Reyjavik Cannabis Shop - Whatsapp Telegram +34664537342 SIGNAL @cmmleomadrid.65 &ndash; Leo (English support) - panterarosa1772@gmail.com - Threema: JHXT6HHA\",\"isPartOf\":{\"@id\":\"https:\\\/\\\/reyjavikcannabis.com\\\/#website\"},\"datePublished\":\"2025-03-15T23:34:47+00:00\",\"breadcrumb\":{\"@id\":\"https:\\\/\\\/reyjavikcannabis.com\\\/index.php\\\/our-websites\\\/#breadcrumb\"},\"inLanguage\":\"en-GB\",\"potentialAction\":[{\"@type\":\"ReadAction\",\"target\":[\"https:\\\/\\\/reyjavikcannabis.com\\\/index.php\\\/our-websites\\\/\"]}]},{\"@type\":\"BreadcrumbList\",\"@id\":\"https:\\\/\\\/reyjavikcannabis.com\\\/index.php\\\/our-websites\\\/#breadcrumb\",\"itemListElement\":[{\"@type\":\"ListItem\",\"position\":1,\"name\":\"Home\",\"item\":\"https:\\\/\\\/reyjavikcannabis.com\\\/\"},{\"@type\":\"ListItem\",\"position\":2,\"name\":\"Our websites\"}]},{\"@type\":\"WebSite\",\"@id\":\"https:\\\/\\\/reyjavikcannabis.com\\\/#website\",\"url\":\"https:\\\/\\\/reyjavikcannabis.com\\\/\",\"name\":\"Kauptu t\u00f6frandi bl\u00f3m \u00e1 \u00cdslandi - Nafnlausar grei\u00f0slur - Bitcoin - 100% alvarleg og hei\u00f0arleg \u00fej\u00f3nusta - 420 Iceland Reyjavik Cannabis Shop - Whatsapp Telegram +34664537342 SIGNAL @cmmleomadrid.65 \u2013 Leo (English support) - panterarosa1772@gmail.com - Threema: JHXT6HHA\",\"description\":\"Islandia, \u00cdsland, Reykjav\u00edk, Gullfoss, Geysir, J\u00f6kuls\u00e1rl\u00f3n, Blue Lagoon, Vatnaj\u00f6kull, Hallgr\u00edmskirkja, Perlan, Thingvellir, Sk\u00f3gafoss, Seljalandsfoss, Hekla, Sn\u00e6fellsj\u00f6kull, Akureyri, M\u00fdvatn, Fja\u00f0r\u00e1rglj\u00fafur, Reynisfjara, Vik, Gullfoss waterfall, Blue Lagoon Iceland, Iceland volcanoes, Iceland glaciers, Iceland waterfalls, Icelandic nature, Icelandic tourism, Icelandic food, Icelandic lamb, Icelandic fish, Icelandic cuisine, Icelandic hot dogs, Icelandic pancakes, Icelandic rye bread, Icelandic yogurt, Skyr, H\u00e1karl, Reykjavik food, Reykjavik restaurants, Reykjavik nightlife, Reykjavik attractions, Reykjavik tours, Reykjavik hotels, Reykjavik shopping, Reykjavik art scene, Reykjavik museums, Reykjavik history, Reykjavik landmarks, Reykjavik sightseeing, Reykjavik activities, Reykjavik bars, Reykjavik cafes, Reykjavik restaurants, Reykjavik street food, Reykjavik vegan restaurants, Icelandic hot springs, Icelandic spas, Reykjavik geothermal pools, Reykjavik fitness centers, Reykjavik hiking, Reykjavik bike tours, Reykjavik adventure tours, Reykjavik cultural tours, Icelandic culture, Icelandic festivals, Icelandic music, Icelandic artists, Reykjavik music scene, Icelandic sagas, Icelandic heritage, Icelandic myths, Icelandic art, Icelandic history, Icelandic folklore, Icelandic literature, Icelandic fashion, Reykjavik fashion, Icelandic wool, Icelandic knitwear, Icelandic wool sweaters, Icelandic souvenirs, Icelandic jewelry, Icelandic antiques, Icelandic design, Icelandic outdoor gear, Icelandic hiking routes, Icelandic beaches, Icelandic fjords, Icelandic mountains, Icelandic hiking trails, Icelandic wildlife, Icelandic birds, Icelandic animals, Icelandic lakes, Icelandic rivers, Reykjavik shopping districts, Reykjavik luxury shopping, Reykjavik markets, Reykjavik boutique shops, Reykjavik farmers markets, \",\"publisher\":{\"@id\":\"https:\\\/\\\/reyjavikcannabis.com\\\/#organization\"},\"potentialAction\":[{\"@type\":\"SearchAction\",\"target\":{\"@type\":\"EntryPoint\",\"urlTemplate\":\"https:\\\/\\\/reyjavikcannabis.com\\\/?s={search_term_string}\"},\"query-input\":{\"@type\":\"PropertyValueSpecification\",\"valueRequired\":true,\"valueName\":\"search_term_string\"}}],\"inLanguage\":\"en-GB\"},{\"@type\":\"Organization\",\"@id\":\"https:\\\/\\\/reyjavikcannabis.com\\\/#organization\",\"name\":\"Kauptu t\u00f6frandi bl\u00f3m \u00e1 \u00cdslandi - Nafnlausar grei\u00f0slur - Bitcoin - 100% alvarleg og hei\u00f0arleg \u00fej\u00f3nusta - 420 Iceland Reyjavik Cannabis Shop - Whatsapp Telegram +34664537342 SIGNAL @cmmleomadrid.65 \u2013 Leo (English support) - panterarosa1772@gmail.com - Threema: JHXT6HHA\",\"url\":\"https:\\\/\\\/reyjavikcannabis.com\\\/\",\"logo\":{\"@type\":\"ImageObject\",\"inLanguage\":\"en-GB\",\"@id\":\"https:\\\/\\\/reyjavikcannabis.com\\\/#\\\/schema\\\/logo\\\/image\\\/\",\"url\":\"https:\\\/\\\/reyjavikcannabis.com\\\/wp-content\\\/uploads\\\/2025\\\/03\\\/cropped-rek1.jpg\",\"contentUrl\":\"https:\\\/\\\/reyjavikcannabis.com\\\/wp-content\\\/uploads\\\/2025\\\/03\\\/cropped-rek1.jpg\",\"width\":512,\"height\":512,\"caption\":\"Kauptu t\u00f6frandi bl\u00f3m \u00e1 \u00cdslandi - Nafnlausar grei\u00f0slur - Bitcoin - 100% alvarleg og hei\u00f0arleg \u00fej\u00f3nusta - 420 Iceland Reyjavik Cannabis Shop - Whatsapp Telegram +34664537342 SIGNAL @cmmleomadrid.65 \u2013 Leo (English support) - panterarosa1772@gmail.com - Threema: JHXT6HHA\"},\"image\":{\"@id\":\"https:\\\/\\\/reyjavikcannabis.com\\\/#\\\/schema\\\/logo\\\/image\\\/\"}}]}<\/script>\n<!-- \/ Yoast SEO plugin. -->","yoast_head_json":{"title":"Our websites - Kauptu t&ouml;frandi bl&oacute;m &aacute; &Iacute;slandi - Nafnlausar grei&eth;slur - Bitcoin - 100% alvarleg og hei&eth;arleg &thorn;j&oacute;nusta - 420 Iceland Reyjavik Cannabis Shop - Whatsapp Telegram +34664537342 SIGNAL @cmmleomadrid.65 &ndash; Leo (English support) - panterarosa1772@gmail.com - Threema: JHXT6HHA","robots":{"index":"index","follow":"follow","max-snippet":"max-snippet:-1","max-image-preview":"max-image-preview:large","max-video-preview":"max-video-preview:-1"},"canonical":"https:\/\/reyjavikcannabis.com\/index.php\/our-websites\/","og_locale":"en_GB","og_type":"article","og_title":"Our websites - Kauptu t&ouml;frandi bl&oacute;m &aacute; &Iacute;slandi - Nafnlausar grei&eth;slur - Bitcoin - 100% alvarleg og hei&eth;arleg &thorn;j&oacute;nusta - 420 Iceland Reyjavik Cannabis Shop - Whatsapp Telegram +34664537342 SIGNAL @cmmleomadrid.65 &ndash; Leo (English support) - panterarosa1772@gmail.com - Threema: JHXT6HHA","og_description":"Webs CMM italiamaria.com\u00a0\u2013\u00a0Acquista marijuana e hashish in Italia, Spedizione veloce dalla Spagna Marijuana, Hash e Dry finlandgreen.fi\u00a0\u2013\u00a0Osta mariuana Online Suomessa, Hach\u2019su Cannabis Store, ja paljon muuta euskadimaria.com\u00a0\u2013\u00a0Erosi marihuana Euskadin, Bidalketa azkarra Madriletik, Marihuana online denda dhlweed.com\u00a0\u2013\u00a0Best Marijuana Cannabis Worldwide\u00a0Deliverys Fast Shipment and quality Europe America Africa Asia Russia Greenland South America comprarmarihuanamadrid.es\u00a0\u2013 Comprar Marihuana en [&hellip;]","og_url":"https:\/\/reyjavikcannabis.com\/index.php\/our-websites\/","og_site_name":"Kauptu t&ouml;frandi bl&oacute;m &aacute; &Iacute;slandi - Nafnlausar grei&eth;slur - Bitcoin - 100% alvarleg og hei&eth;arleg &thorn;j&oacute;nusta - 420 Iceland Reyjavik Cannabis Shop - Whatsapp Telegram +34664537342 SIGNAL @cmmleomadrid.65 &ndash; Leo (English support) - panterarosa1772@gmail.com - Threema: JHXT6HHA","twitter_card":"summary_large_image","twitter_misc":{"Estimated reading time":"1 minute"},"schema":{"@context":"https:\/\/schema.org","@graph":[{"@type":"WebPage","@id":"https:\/\/reyjavikcannabis.com\/index.php\/our-websites\/","url":"https:\/\/reyjavikcannabis.com\/index.php\/our-websites\/","name":"Our websites - Kauptu t&ouml;frandi bl&oacute;m &aacute; &Iacute;slandi - Nafnlausar grei&eth;slur - Bitcoin - 100% alvarleg og hei&eth;arleg &thorn;j&oacute;nusta - 420 Iceland Reyjavik Cannabis Shop - Whatsapp Telegram +34664537342 SIGNAL @cmmleomadrid.65 &ndash; Leo (English support) - panterarosa1772@gmail.com - Threema: JHXT6HHA","isPartOf":{"@id":"https:\/\/reyjavikcannabis.com\/#website"},"datePublished":"2025-03-15T23:34:47+00:00","breadcrumb":{"@id":"https:\/\/reyjavikcannabis.com\/index.php\/our-websites\/#breadcrumb"},"inLanguage":"en-GB","potentialAction":[{"@type":"ReadAction","target":["https:\/\/reyjavikcannabis.com\/index.php\/our-websites\/"]}]},{"@type":"BreadcrumbList","@id":"https:\/\/reyjavikcannabis.com\/index.php\/our-websites\/#breadcrumb","itemListElement":[{"@type":"ListItem","position":1,"name":"Home","item":"https:\/\/reyjavikcannabis.com\/"},{"@type":"ListItem","position":2,"name":"Our websites"}]},{"@type":"WebSite","@id":"https:\/\/reyjavikcannabis.com\/#website","url":"https:\/\/reyjavikcannabis.com\/","name":"Kauptu t\u00f6frandi bl\u00f3m \u00e1 \u00cdslandi - Nafnlausar grei\u00f0slur - Bitcoin - 100% alvarleg og hei\u00f0arleg \u00fej\u00f3nusta - 420 Iceland Reyjavik Cannabis Shop - Whatsapp Telegram +34664537342 SIGNAL @cmmleomadrid.65 \u2013 Leo (English support) - panterarosa1772@gmail.com - Threema: JHXT6HHA","description":"Islandia, \u00cdsland, Reykjav\u00edk, Gullfoss, Geysir, J\u00f6kuls\u00e1rl\u00f3n, Blue Lagoon, Vatnaj\u00f6kull, Hallgr\u00edmskirkja, Perlan, Thingvellir, Sk\u00f3gafoss, Seljalandsfoss, Hekla, Sn\u00e6fellsj\u00f6kull, Akureyri, M\u00fdvatn, Fja\u00f0r\u00e1rglj\u00fafur, Reynisfjara, Vik, Gullfoss waterfall, Blue Lagoon Iceland, Iceland volcanoes, Iceland glaciers, Iceland waterfalls, Icelandic nature, Icelandic tourism, Icelandic food, Icelandic lamb, Icelandic fish, Icelandic cuisine, Icelandic hot dogs, Icelandic pancakes, Icelandic rye bread, Icelandic yogurt, Skyr, H\u00e1karl, Reykjavik food, Reykjavik restaurants, Reykjavik nightlife, Reykjavik attractions, Reykjavik tours, Reykjavik hotels, Reykjavik shopping, Reykjavik art scene, Reykjavik museums, Reykjavik history, Reykjavik landmarks, Reykjavik sightseeing, Reykjavik activities, Reykjavik bars, Reykjavik cafes, Reykjavik restaurants, Reykjavik street food, Reykjavik vegan restaurants, Icelandic hot springs, Icelandic spas, Reykjavik geothermal pools, Reykjavik fitness centers, Reykjavik hiking, Reykjavik bike tours, Reykjavik adventure tours, Reykjavik cultural tours, Icelandic culture, Icelandic festivals, Icelandic music, Icelandic artists, Reykjavik music scene, Icelandic sagas, Icelandic heritage, Icelandic myths, Icelandic art, Icelandic history, Icelandic folklore, Icelandic literature, Icelandic fashion, Reykjavik fashion, Icelandic wool, Icelandic knitwear, Icelandic wool sweaters, Icelandic souvenirs, Icelandic jewelry, Icelandic antiques, Icelandic design, Icelandic outdoor gear, Icelandic hiking routes, Icelandic beaches, Icelandic fjords, Icelandic mountains, Icelandic hiking trails, Icelandic wildlife, Icelandic birds, Icelandic animals, Icelandic lakes, Icelandic rivers, Reykjavik shopping districts, Reykjavik luxury shopping, Reykjavik markets, Reykjavik boutique shops, Reykjavik farmers markets, ","publisher":{"@id":"https:\/\/reyjavikcannabis.com\/#organization"},"potentialAction":[{"@type":"SearchAction","target":{"@type":"EntryPoint","urlTemplate":"https:\/\/reyjavikcannabis.com\/?s={search_term_string}"},"query-input":{"@type":"PropertyValueSpecification","valueRequired":true,"valueName":"search_term_string"}}],"inLanguage":"en-GB"},{"@type":"Organization","@id":"https:\/\/reyjavikcannabis.com\/#organization","name":"Kauptu t\u00f6frandi bl\u00f3m \u00e1 \u00cdslandi - Nafnlausar grei\u00f0slur - Bitcoin - 100% alvarleg og hei\u00f0arleg \u00fej\u00f3nusta - 420 Iceland Reyjavik Cannabis Shop - Whatsapp Telegram +34664537342 SIGNAL @cmmleomadrid.65 \u2013 Leo (English support) - panterarosa1772@gmail.com - Threema: JHXT6HHA","url":"https:\/\/reyjavikcannabis.com\/","logo":{"@type":"ImageObject","inLanguage":"en-GB","@id":"https:\/\/reyjavikcannabis.com\/#\/schema\/logo\/image\/","url":"https:\/\/reyjavikcannabis.com\/wp-content\/uploads\/2025\/03\/cropped-rek1.jpg","contentUrl":"https:\/\/reyjavikcannabis.com\/wp-content\/uploads\/2025\/03\/cropped-rek1.jpg","width":512,"height":512,"caption":"Kauptu t\u00f6frandi bl\u00f3m \u00e1 \u00cdslandi - Nafnlausar grei\u00f0slur - Bitcoin - 100% alvarleg og hei\u00f0arleg \u00fej\u00f3nusta - 420 Iceland Reyjavik Cannabis Shop - Whatsapp Telegram +34664537342 SIGNAL @cmmleomadrid.65 \u2013 Leo (English support) - panterarosa1772@gmail.com - Threema: JHXT6HHA"},"image":{"@id":"https:\/\/reyjavikcannabis.com\/#\/schema\/logo\/image\/"}}]}},"_links":{"self":[{"href":"https:\/\/reyjavikcannabis.com\/index.php\/wp-json\/wp\/v2\/pages\/26","targetHints":{"allow":["GET"]}}],"collection":[{"href":"https:\/\/reyjavikcannabis.com\/index.php\/wp-json\/wp\/v2\/pages"}],"about":[{"href":"https:\/\/reyjavikcannabis.com\/index.php\/wp-json\/wp\/v2\/types\/page"}],"author":[{"embeddable":true,"href":"https:\/\/reyjavikcannabis.com\/index.php\/wp-json\/wp\/v2\/users\/1"}],"replies":[{"embeddable":true,"href":"https:\/\/reyjavikcannabis.com\/index.php\/wp-json\/wp\/v2\/comments?post=26"}],"version-history":[{"count":0,"href":"https:\/\/reyjavikcannabis.com\/index.php\/wp-json\/wp\/v2\/pages\/26\/revisions"}],"wp:attachment":[{"href":"https:\/\/reyjavikcannabis.com\/index.php\/wp-json\/wp\/v2\/media?parent=26"}],"curies":[{"name":"wp","href":"https:\/\/api.w.org\/{rel}","templated":true}]}}