{"id":7,"date":"2025-03-13T20:29:56","date_gmt":"2025-03-13T20:29:56","guid":{"rendered":"https:\/\/reyjavikcannabis.com\/index.php\/basket\/"},"modified":"2025-03-13T20:29:56","modified_gmt":"2025-03-13T20:29:56","slug":"basket","status":"publish","type":"page","link":"https:\/\/reyjavikcannabis.com\/index.php\/basket\/","title":{"rendered":"Basket"},"content":{"rendered":"\n<div data-block-name=\"woocommerce\/cart\" class=\"wp-block-woocommerce-cart alignwide is-loading\">\n<div data-block-name=\"woocommerce\/filled-cart-block\" class=\"wp-block-woocommerce-filled-cart-block\">\n<div data-block-name=\"woocommerce\/cart-items-block\" class=\"wp-block-woocommerce-cart-items-block\">\n<div data-block-name=\"woocommerce\/cart-line-items-block\" class=\"wp-block-woocommerce-cart-line-items-block\"><\/div>\n\n\n\n<div data-block-name=\"woocommerce\/cart-cross-sells-block\" class=\"wp-block-woocommerce-cart-cross-sells-block\">\n<h2 class=\"wp-block-heading has-large-font-size\">You may be interested in\u2026<\/h2>\n\n\n\n<div data-block-name=\"woocommerce\/cart-cross-sells-products-block\" class=\"wp-block-woocommerce-cart-cross-sells-products-block\"><\/div>\n<\/div>\n<\/div>\n\n\n\n<div data-block-name=\"woocommerce\/cart-totals-block\" class=\"wp-block-woocommerce-cart-totals-block\">\n<div data-block-name=\"woocommerce\/cart-order-summary-block\" class=\"wp-block-woocommerce-cart-order-summary-block\">\n<div data-block-name=\"woocommerce\/cart-order-summary-heading-block\" class=\"wp-block-woocommerce-cart-order-summary-heading-block\"><\/div><div data-block-name=\"woocommerce\/cart-order-summary-coupon-form-block\" class=\"wp-block-woocommerce-cart-order-summary-coupon-form-block\"><\/div><div data-block-name=\"woocommerce\/cart-order-summary-totals-block\" class=\"wp-block-woocommerce-cart-order-summary-totals-block\">\n<div data-block-name=\"woocommerce\/cart-order-summary-subtotal-block\" class=\"wp-block-woocommerce-cart-order-summary-subtotal-block\"><\/div>\n<div data-block-name=\"woocommerce\/cart-order-summary-discount-block\" class=\"wp-block-woocommerce-cart-order-summary-discount-block\"><\/div>\n<div data-block-name=\"woocommerce\/cart-order-summary-fee-block\" class=\"wp-block-woocommerce-cart-order-summary-fee-block\"><\/div>\n<div data-block-name=\"woocommerce\/cart-order-summary-shipping-block\" class=\"wp-block-woocommerce-cart-order-summary-shipping-block\"><\/div>\n<div data-block-name=\"woocommerce\/cart-order-summary-taxes-block\" class=\"wp-block-woocommerce-cart-order-summary-taxes-block\"><\/div><\/div>\n<\/div>\n\n\n\n<div data-block-name=\"woocommerce\/cart-express-payment-block\" class=\"wp-block-woocommerce-cart-express-payment-block\"><\/div>\n\n\n\n<div data-block-name=\"woocommerce\/proceed-to-checkout-block\" class=\"wp-block-woocommerce-proceed-to-checkout-block\"><\/div>\n\n\n\n<div data-block-name=\"woocommerce\/cart-accepted-payment-methods-block\" class=\"wp-block-woocommerce-cart-accepted-payment-methods-block\"><\/div>\n<\/div>\n<\/div>\n\n\n\n<div data-block-name=\"woocommerce\/empty-cart-block\" class=\"wp-block-woocommerce-empty-cart-block\">\n<h2 class=\"wp-block-heading has-text-align-center with-empty-cart-icon wc-block-cart__empty-cart__title\">Your basket is currently empty!<\/h2>\n\n\n\n<hr class=\"wp-block-separator has-alpha-channel-opacity is-style-dots\"\/>\n\n\n\n<h2 class=\"wp-block-heading has-text-align-center\">New in store<\/h2>\n\n\n<div data-block-name=\"woocommerce\/product-new\" data-columns=\"4\" data-rows=\"1\" class=\"wc-block-grid wp-block-product-new wp-block-woocommerce-product-new wc-block-product-new has-4-columns\"><ul class=\"wc-block-grid__products\"><li class=\"wc-block-grid__product\">\n\t\t\t\t<a href=\"https:\/\/reyjavikcannabis.com\/index.php\/product\/10-gr-moroccan-hash-from-spain-aaa\/\" class=\"wc-block-grid__product-link\">\n\t\t\t\t\t<div class=\"wc-block-grid__product-onsale\">\n\t\t\t<span aria-hidden=\"true\">Sale<\/span>\n\t\t\t<span class=\"screen-reader-text\">Product on sale<\/span>\n\t\t<\/div>\n\t\t\t\t\t<div class=\"wc-block-grid__product-image\"><img loading=\"lazy\" decoding=\"async\" width=\"259\" height=\"194\" src=\"https:\/\/reyjavikcannabis.com\/wp-content\/uploads\/2025\/03\/hash1.jpg\" class=\"attachment-woocommerce_thumbnail size-woocommerce_thumbnail\" alt=\"10 gr moroccan hash from spain AAA\" \/><\/div>\n\t\t\t\t\t<div class=\"wc-block-grid__product-title\">10 gr moroccan hash from spain AAA<\/div>\n\t\t\t\t<\/a>\n\t\t\t\t<div class=\"wc-block-grid__product-price price\"><del aria-hidden=\"true\"><span class=\"woocommerce-Price-amount amount\"><span class=\"woocommerce-Price-currencySymbol\">&#036;<\/span>140.00<\/span><\/del> <span class=\"screen-reader-text\">Original price was: &#036;140.00.<\/span><ins aria-hidden=\"true\"><span class=\"woocommerce-Price-amount amount\"><span class=\"woocommerce-Price-currencySymbol\">&#036;<\/span>89.00<\/span><\/ins><span class=\"screen-reader-text\">Current price is: &#036;89.00.<\/span><\/div>\n\t\t\t\t\n\t\t\t\t<div class=\"wp-block-button wc-block-grid__product-add-to-cart\"><a href=\"\/index.php\/wp-json\/wp\/v2\/pages\/7?add-to-cart=76\" aria-label=\"Add to basket: &ldquo;10 gr moroccan hash from spain AAA&rdquo;\" data-quantity=\"1\" data-product_id=\"76\" data-product_sku=\"\" data-price=\"89\" rel=\"nofollow\" class=\"wp-block-button__link  add_to_cart_button ajax_add_to_cart\">Add to basket<\/a><\/div>\n\t\t\t<\/li><li class=\"wc-block-grid__product\">\n\t\t\t\t<a href=\"https:\/\/reyjavikcannabis.com\/index.php\/product\/10-gr-weed-indoor-aaa-from-spain\/\" class=\"wc-block-grid__product-link\">\n\t\t\t\t\t<div class=\"wc-block-grid__product-onsale\">\n\t\t\t<span aria-hidden=\"true\">Sale<\/span>\n\t\t\t<span class=\"screen-reader-text\">Product on sale<\/span>\n\t\t<\/div>\n\t\t\t\t\t<div class=\"wc-block-grid__product-image\"><img loading=\"lazy\" decoding=\"async\" width=\"300\" height=\"300\" src=\"https:\/\/reyjavikcannabis.com\/wp-content\/uploads\/2025\/03\/medical-marihuana-buds-close-up-background-cannabis-sativa-super-lemon-haze-big-size-high-quality-dope-prints-photo-300x300-1.jpg\" class=\"attachment-woocommerce_thumbnail size-woocommerce_thumbnail\" alt=\"10 gr weed indoor AAA - from spain\" srcset=\"https:\/\/reyjavikcannabis.com\/wp-content\/uploads\/2025\/03\/medical-marihuana-buds-close-up-background-cannabis-sativa-super-lemon-haze-big-size-high-quality-dope-prints-photo-300x300-1.jpg 300w, https:\/\/reyjavikcannabis.com\/wp-content\/uploads\/2025\/03\/medical-marihuana-buds-close-up-background-cannabis-sativa-super-lemon-haze-big-size-high-quality-dope-prints-photo-300x300-1-150x150.jpg 150w, https:\/\/reyjavikcannabis.com\/wp-content\/uploads\/2025\/03\/medical-marihuana-buds-close-up-background-cannabis-sativa-super-lemon-haze-big-size-high-quality-dope-prints-photo-300x300-1-100x100.jpg 100w\" sizes=\"auto, (max-width: 300px) 100vw, 300px\" \/><\/div>\n\t\t\t\t\t<div class=\"wc-block-grid__product-title\">10 gr weed indoor AAA &#8211; from spain<\/div>\n\t\t\t\t<\/a>\n\t\t\t\t<div class=\"wc-block-grid__product-price price\"><del aria-hidden=\"true\"><span class=\"woocommerce-Price-amount amount\"><span class=\"woocommerce-Price-currencySymbol\">&#036;<\/span>110.00<\/span><\/del> <span class=\"screen-reader-text\">Original price was: &#036;110.00.<\/span><ins aria-hidden=\"true\"><span class=\"woocommerce-Price-amount amount\"><span class=\"woocommerce-Price-currencySymbol\">&#036;<\/span>99.00<\/span><\/ins><span class=\"screen-reader-text\">Current price is: &#036;99.00.<\/span><\/div>\n\t\t\t\t\n\t\t\t\t<div class=\"wp-block-button wc-block-grid__product-add-to-cart\"><a href=\"\/index.php\/wp-json\/wp\/v2\/pages\/7?add-to-cart=34\" aria-label=\"Add to basket: &ldquo;10 gr weed indoor AAA - from spain&rdquo;\" data-quantity=\"1\" data-product_id=\"34\" data-product_sku=\"\" data-price=\"99\" rel=\"nofollow\" class=\"wp-block-button__link  add_to_cart_button ajax_add_to_cart\">Add to basket<\/a><\/div>\n\t\t\t<\/li><\/ul><\/div><\/div>\n<\/div>\n","protected":false},"excerpt":{"rendered":"","protected":false},"author":1,"featured_media":0,"parent":0,"menu_order":0,"comment_status":"closed","ping_status":"closed","template":"","meta":{"footnotes":""},"class_list":["post-7","page","type-page","status-publish","hentry"],"yoast_head":"<!-- This site is optimized with the Yoast SEO plugin v27.4 - https:\/\/yoast.com\/product\/yoast-seo-wordpress\/ -->\n<title>Basket - Kauptu t&ouml;frandi bl&oacute;m &aacute; &Iacute;slandi - Nafnlausar grei&eth;slur - Bitcoin - 100% alvarleg og hei&eth;arleg &thorn;j&oacute;nusta - 420 Iceland Reyjavik Cannabis Shop - Whatsapp Telegram +34664537342 SIGNAL @cmmleomadrid.65 &ndash; Leo (English support) - panterarosa1772@gmail.com - Threema: JHXT6HHA<\/title>\n<meta name=\"robots\" content=\"index, follow, max-snippet:-1, max-image-preview:large, max-video-preview:-1\" \/>\n<link rel=\"canonical\" href=\"https:\/\/reyjavikcannabis.com\/index.php\/basket\/\" \/>\n<meta property=\"og:locale\" content=\"en_GB\" \/>\n<meta property=\"og:type\" content=\"article\" \/>\n<meta property=\"og:title\" content=\"Basket - Kauptu t&ouml;frandi bl&oacute;m &aacute; &Iacute;slandi - Nafnlausar grei&eth;slur - Bitcoin - 100% alvarleg og hei&eth;arleg &thorn;j&oacute;nusta - 420 Iceland Reyjavik Cannabis Shop - Whatsapp Telegram +34664537342 SIGNAL @cmmleomadrid.65 &ndash; Leo (English support) - panterarosa1772@gmail.com - Threema: JHXT6HHA\" \/>\n<meta property=\"og:url\" content=\"https:\/\/reyjavikcannabis.com\/index.php\/basket\/\" \/>\n<meta property=\"og:site_name\" content=\"Kauptu t&ouml;frandi bl&oacute;m &aacute; &Iacute;slandi - Nafnlausar grei&eth;slur - Bitcoin - 100% alvarleg og hei&eth;arleg &thorn;j&oacute;nusta - 420 Iceland Reyjavik Cannabis Shop - Whatsapp Telegram +34664537342 SIGNAL @cmmleomadrid.65 &ndash; Leo (English support) - panterarosa1772@gmail.com - Threema: JHXT6HHA\" \/>\n<meta name=\"twitter:card\" content=\"summary_large_image\" \/>\n<script type=\"application\/ld+json\" class=\"yoast-schema-graph\">{\"@context\":\"https:\\\/\\\/schema.org\",\"@graph\":[{\"@type\":\"WebPage\",\"@id\":\"https:\\\/\\\/reyjavikcannabis.com\\\/index.php\\\/basket\\\/\",\"url\":\"https:\\\/\\\/reyjavikcannabis.com\\\/index.php\\\/basket\\\/\",\"name\":\"Basket - Kauptu t&ouml;frandi bl&oacute;m &aacute; &Iacute;slandi - Nafnlausar grei&eth;slur - Bitcoin - 100% alvarleg og hei&eth;arleg &thorn;j&oacute;nusta - 420 Iceland Reyjavik Cannabis Shop - Whatsapp Telegram +34664537342 SIGNAL @cmmleomadrid.65 &ndash; Leo (English support) - panterarosa1772@gmail.com - Threema: JHXT6HHA\",\"isPartOf\":{\"@id\":\"https:\\\/\\\/reyjavikcannabis.com\\\/#website\"},\"datePublished\":\"2025-03-13T20:29:56+00:00\",\"breadcrumb\":{\"@id\":\"https:\\\/\\\/reyjavikcannabis.com\\\/index.php\\\/basket\\\/#breadcrumb\"},\"inLanguage\":\"en-GB\",\"potentialAction\":[{\"@type\":\"ReadAction\",\"target\":[\"https:\\\/\\\/reyjavikcannabis.com\\\/index.php\\\/basket\\\/\"]}]},{\"@type\":\"BreadcrumbList\",\"@id\":\"https:\\\/\\\/reyjavikcannabis.com\\\/index.php\\\/basket\\\/#breadcrumb\",\"itemListElement\":[{\"@type\":\"ListItem\",\"position\":1,\"name\":\"Home\",\"item\":\"https:\\\/\\\/reyjavikcannabis.com\\\/\"},{\"@type\":\"ListItem\",\"position\":2,\"name\":\"Basket\"}]},{\"@type\":\"WebSite\",\"@id\":\"https:\\\/\\\/reyjavikcannabis.com\\\/#website\",\"url\":\"https:\\\/\\\/reyjavikcannabis.com\\\/\",\"name\":\"Kauptu t\u00f6frandi bl\u00f3m \u00e1 \u00cdslandi - Nafnlausar grei\u00f0slur - Bitcoin - 100% alvarleg og hei\u00f0arleg \u00fej\u00f3nusta - 420 Iceland Reyjavik Cannabis Shop - Whatsapp Telegram +34664537342 SIGNAL @cmmleomadrid.65 \u2013 Leo (English support) - panterarosa1772@gmail.com - Threema: JHXT6HHA\",\"description\":\"Islandia, \u00cdsland, Reykjav\u00edk, Gullfoss, Geysir, J\u00f6kuls\u00e1rl\u00f3n, Blue Lagoon, Vatnaj\u00f6kull, Hallgr\u00edmskirkja, Perlan, Thingvellir, Sk\u00f3gafoss, Seljalandsfoss, Hekla, Sn\u00e6fellsj\u00f6kull, Akureyri, M\u00fdvatn, Fja\u00f0r\u00e1rglj\u00fafur, Reynisfjara, Vik, Gullfoss waterfall, Blue Lagoon Iceland, Iceland volcanoes, Iceland glaciers, Iceland waterfalls, Icelandic nature, Icelandic tourism, Icelandic food, Icelandic lamb, Icelandic fish, Icelandic cuisine, Icelandic hot dogs, Icelandic pancakes, Icelandic rye bread, Icelandic yogurt, Skyr, H\u00e1karl, Reykjavik food, Reykjavik restaurants, Reykjavik nightlife, Reykjavik attractions, Reykjavik tours, Reykjavik hotels, Reykjavik shopping, Reykjavik art scene, Reykjavik museums, Reykjavik history, Reykjavik landmarks, Reykjavik sightseeing, Reykjavik activities, Reykjavik bars, Reykjavik cafes, Reykjavik restaurants, Reykjavik street food, Reykjavik vegan restaurants, Icelandic hot springs, Icelandic spas, Reykjavik geothermal pools, Reykjavik fitness centers, Reykjavik hiking, Reykjavik bike tours, Reykjavik adventure tours, Reykjavik cultural tours, Icelandic culture, Icelandic festivals, Icelandic music, Icelandic artists, Reykjavik music scene, Icelandic sagas, Icelandic heritage, Icelandic myths, Icelandic art, Icelandic history, Icelandic folklore, Icelandic literature, Icelandic fashion, Reykjavik fashion, Icelandic wool, Icelandic knitwear, Icelandic wool sweaters, Icelandic souvenirs, Icelandic jewelry, Icelandic antiques, Icelandic design, Icelandic outdoor gear, Icelandic hiking routes, Icelandic beaches, Icelandic fjords, Icelandic mountains, Icelandic hiking trails, Icelandic wildlife, Icelandic birds, Icelandic animals, Icelandic lakes, Icelandic rivers, Reykjavik shopping districts, Reykjavik luxury shopping, Reykjavik markets, Reykjavik boutique shops, Reykjavik farmers markets, \",\"publisher\":{\"@id\":\"https:\\\/\\\/reyjavikcannabis.com\\\/#organization\"},\"potentialAction\":[{\"@type\":\"SearchAction\",\"target\":{\"@type\":\"EntryPoint\",\"urlTemplate\":\"https:\\\/\\\/reyjavikcannabis.com\\\/?s={search_term_string}\"},\"query-input\":{\"@type\":\"PropertyValueSpecification\",\"valueRequired\":true,\"valueName\":\"search_term_string\"}}],\"inLanguage\":\"en-GB\"},{\"@type\":\"Organization\",\"@id\":\"https:\\\/\\\/reyjavikcannabis.com\\\/#organization\",\"name\":\"Kauptu t\u00f6frandi bl\u00f3m \u00e1 \u00cdslandi - Nafnlausar grei\u00f0slur - Bitcoin - 100% alvarleg og hei\u00f0arleg \u00fej\u00f3nusta - 420 Iceland Reyjavik Cannabis Shop - Whatsapp Telegram +34664537342 SIGNAL @cmmleomadrid.65 \u2013 Leo (English support) - panterarosa1772@gmail.com - Threema: JHXT6HHA\",\"url\":\"https:\\\/\\\/reyjavikcannabis.com\\\/\",\"logo\":{\"@type\":\"ImageObject\",\"inLanguage\":\"en-GB\",\"@id\":\"https:\\\/\\\/reyjavikcannabis.com\\\/#\\\/schema\\\/logo\\\/image\\\/\",\"url\":\"https:\\\/\\\/reyjavikcannabis.com\\\/wp-content\\\/uploads\\\/2025\\\/03\\\/cropped-rek1.jpg\",\"contentUrl\":\"https:\\\/\\\/reyjavikcannabis.com\\\/wp-content\\\/uploads\\\/2025\\\/03\\\/cropped-rek1.jpg\",\"width\":512,\"height\":512,\"caption\":\"Kauptu t\u00f6frandi bl\u00f3m \u00e1 \u00cdslandi - Nafnlausar grei\u00f0slur - Bitcoin - 100% alvarleg og hei\u00f0arleg \u00fej\u00f3nusta - 420 Iceland Reyjavik Cannabis Shop - Whatsapp Telegram +34664537342 SIGNAL @cmmleomadrid.65 \u2013 Leo (English support) - panterarosa1772@gmail.com - Threema: JHXT6HHA\"},\"image\":{\"@id\":\"https:\\\/\\\/reyjavikcannabis.com\\\/#\\\/schema\\\/logo\\\/image\\\/\"}}]}<\/script>\n<!-- \/ Yoast SEO plugin. -->","yoast_head_json":{"title":"Basket - Kauptu t&ouml;frandi bl&oacute;m &aacute; &Iacute;slandi - Nafnlausar grei&eth;slur - Bitcoin - 100% alvarleg og hei&eth;arleg &thorn;j&oacute;nusta - 420 Iceland Reyjavik Cannabis Shop - Whatsapp Telegram +34664537342 SIGNAL @cmmleomadrid.65 &ndash; Leo (English support) - panterarosa1772@gmail.com - Threema: JHXT6HHA","robots":{"index":"index","follow":"follow","max-snippet":"max-snippet:-1","max-image-preview":"max-image-preview:large","max-video-preview":"max-video-preview:-1"},"canonical":"https:\/\/reyjavikcannabis.com\/index.php\/basket\/","og_locale":"en_GB","og_type":"article","og_title":"Basket - Kauptu t&ouml;frandi bl&oacute;m &aacute; &Iacute;slandi - Nafnlausar grei&eth;slur - Bitcoin - 100% alvarleg og hei&eth;arleg &thorn;j&oacute;nusta - 420 Iceland Reyjavik Cannabis Shop - Whatsapp Telegram +34664537342 SIGNAL @cmmleomadrid.65 &ndash; Leo (English support) - panterarosa1772@gmail.com - Threema: JHXT6HHA","og_url":"https:\/\/reyjavikcannabis.com\/index.php\/basket\/","og_site_name":"Kauptu t&ouml;frandi bl&oacute;m &aacute; &Iacute;slandi - Nafnlausar grei&eth;slur - Bitcoin - 100% alvarleg og hei&eth;arleg &thorn;j&oacute;nusta - 420 Iceland Reyjavik Cannabis Shop - Whatsapp Telegram +34664537342 SIGNAL @cmmleomadrid.65 &ndash; Leo (English support) - panterarosa1772@gmail.com - Threema: JHXT6HHA","twitter_card":"summary_large_image","schema":{"@context":"https:\/\/schema.org","@graph":[{"@type":"WebPage","@id":"https:\/\/reyjavikcannabis.com\/index.php\/basket\/","url":"https:\/\/reyjavikcannabis.com\/index.php\/basket\/","name":"Basket - Kauptu t&ouml;frandi bl&oacute;m &aacute; &Iacute;slandi - Nafnlausar grei&eth;slur - Bitcoin - 100% alvarleg og hei&eth;arleg &thorn;j&oacute;nusta - 420 Iceland Reyjavik Cannabis Shop - Whatsapp Telegram +34664537342 SIGNAL @cmmleomadrid.65 &ndash; Leo (English support) - panterarosa1772@gmail.com - Threema: JHXT6HHA","isPartOf":{"@id":"https:\/\/reyjavikcannabis.com\/#website"},"datePublished":"2025-03-13T20:29:56+00:00","breadcrumb":{"@id":"https:\/\/reyjavikcannabis.com\/index.php\/basket\/#breadcrumb"},"inLanguage":"en-GB","potentialAction":[{"@type":"ReadAction","target":["https:\/\/reyjavikcannabis.com\/index.php\/basket\/"]}]},{"@type":"BreadcrumbList","@id":"https:\/\/reyjavikcannabis.com\/index.php\/basket\/#breadcrumb","itemListElement":[{"@type":"ListItem","position":1,"name":"Home","item":"https:\/\/reyjavikcannabis.com\/"},{"@type":"ListItem","position":2,"name":"Basket"}]},{"@type":"WebSite","@id":"https:\/\/reyjavikcannabis.com\/#website","url":"https:\/\/reyjavikcannabis.com\/","name":"Kauptu t\u00f6frandi bl\u00f3m \u00e1 \u00cdslandi - Nafnlausar grei\u00f0slur - Bitcoin - 100% alvarleg og hei\u00f0arleg \u00fej\u00f3nusta - 420 Iceland Reyjavik Cannabis Shop - Whatsapp Telegram +34664537342 SIGNAL @cmmleomadrid.65 \u2013 Leo (English support) - panterarosa1772@gmail.com - Threema: JHXT6HHA","description":"Islandia, \u00cdsland, Reykjav\u00edk, Gullfoss, Geysir, J\u00f6kuls\u00e1rl\u00f3n, Blue Lagoon, Vatnaj\u00f6kull, Hallgr\u00edmskirkja, Perlan, Thingvellir, Sk\u00f3gafoss, Seljalandsfoss, Hekla, Sn\u00e6fellsj\u00f6kull, Akureyri, M\u00fdvatn, Fja\u00f0r\u00e1rglj\u00fafur, Reynisfjara, Vik, Gullfoss waterfall, Blue Lagoon Iceland, Iceland volcanoes, Iceland glaciers, Iceland waterfalls, Icelandic nature, Icelandic tourism, Icelandic food, Icelandic lamb, Icelandic fish, Icelandic cuisine, Icelandic hot dogs, Icelandic pancakes, Icelandic rye bread, Icelandic yogurt, Skyr, H\u00e1karl, Reykjavik food, Reykjavik restaurants, Reykjavik nightlife, Reykjavik attractions, Reykjavik tours, Reykjavik hotels, Reykjavik shopping, Reykjavik art scene, Reykjavik museums, Reykjavik history, Reykjavik landmarks, Reykjavik sightseeing, Reykjavik activities, Reykjavik bars, Reykjavik cafes, Reykjavik restaurants, Reykjavik street food, Reykjavik vegan restaurants, Icelandic hot springs, Icelandic spas, Reykjavik geothermal pools, Reykjavik fitness centers, Reykjavik hiking, Reykjavik bike tours, Reykjavik adventure tours, Reykjavik cultural tours, Icelandic culture, Icelandic festivals, Icelandic music, Icelandic artists, Reykjavik music scene, Icelandic sagas, Icelandic heritage, Icelandic myths, Icelandic art, Icelandic history, Icelandic folklore, Icelandic literature, Icelandic fashion, Reykjavik fashion, Icelandic wool, Icelandic knitwear, Icelandic wool sweaters, Icelandic souvenirs, Icelandic jewelry, Icelandic antiques, Icelandic design, Icelandic outdoor gear, Icelandic hiking routes, Icelandic beaches, Icelandic fjords, Icelandic mountains, Icelandic hiking trails, Icelandic wildlife, Icelandic birds, Icelandic animals, Icelandic lakes, Icelandic rivers, Reykjavik shopping districts, Reykjavik luxury shopping, Reykjavik markets, Reykjavik boutique shops, Reykjavik farmers markets, ","publisher":{"@id":"https:\/\/reyjavikcannabis.com\/#organization"},"potentialAction":[{"@type":"SearchAction","target":{"@type":"EntryPoint","urlTemplate":"https:\/\/reyjavikcannabis.com\/?s={search_term_string}"},"query-input":{"@type":"PropertyValueSpecification","valueRequired":true,"valueName":"search_term_string"}}],"inLanguage":"en-GB"},{"@type":"Organization","@id":"https:\/\/reyjavikcannabis.com\/#organization","name":"Kauptu t\u00f6frandi bl\u00f3m \u00e1 \u00cdslandi - Nafnlausar grei\u00f0slur - Bitcoin - 100% alvarleg og hei\u00f0arleg \u00fej\u00f3nusta - 420 Iceland Reyjavik Cannabis Shop - Whatsapp Telegram +34664537342 SIGNAL @cmmleomadrid.65 \u2013 Leo (English support) - panterarosa1772@gmail.com - Threema: JHXT6HHA","url":"https:\/\/reyjavikcannabis.com\/","logo":{"@type":"ImageObject","inLanguage":"en-GB","@id":"https:\/\/reyjavikcannabis.com\/#\/schema\/logo\/image\/","url":"https:\/\/reyjavikcannabis.com\/wp-content\/uploads\/2025\/03\/cropped-rek1.jpg","contentUrl":"https:\/\/reyjavikcannabis.com\/wp-content\/uploads\/2025\/03\/cropped-rek1.jpg","width":512,"height":512,"caption":"Kauptu t\u00f6frandi bl\u00f3m \u00e1 \u00cdslandi - Nafnlausar grei\u00f0slur - Bitcoin - 100% alvarleg og hei\u00f0arleg \u00fej\u00f3nusta - 420 Iceland Reyjavik Cannabis Shop - Whatsapp Telegram +34664537342 SIGNAL @cmmleomadrid.65 \u2013 Leo (English support) - panterarosa1772@gmail.com - Threema: JHXT6HHA"},"image":{"@id":"https:\/\/reyjavikcannabis.com\/#\/schema\/logo\/image\/"}}]}},"_links":{"self":[{"href":"https:\/\/reyjavikcannabis.com\/index.php\/wp-json\/wp\/v2\/pages\/7","targetHints":{"allow":["GET"]}}],"collection":[{"href":"https:\/\/reyjavikcannabis.com\/index.php\/wp-json\/wp\/v2\/pages"}],"about":[{"href":"https:\/\/reyjavikcannabis.com\/index.php\/wp-json\/wp\/v2\/types\/page"}],"author":[{"embeddable":true,"href":"https:\/\/reyjavikcannabis.com\/index.php\/wp-json\/wp\/v2\/users\/1"}],"replies":[{"embeddable":true,"href":"https:\/\/reyjavikcannabis.com\/index.php\/wp-json\/wp\/v2\/comments?post=7"}],"version-history":[{"count":0,"href":"https:\/\/reyjavikcannabis.com\/index.php\/wp-json\/wp\/v2\/pages\/7\/revisions"}],"wp:attachment":[{"href":"https:\/\/reyjavikcannabis.com\/index.php\/wp-json\/wp\/v2\/media?parent=7"}],"curies":[{"name":"wp","href":"https:\/\/api.w.org\/{rel}","templated":true}]}}